{"id":16301,"date":"2021-08-04T14:49:57","date_gmt":"2021-08-04T11:49:57","guid":{"rendered":"https:\/\/montero.com.tr\/urun\/evolvia-premature\/"},"modified":"2021-08-04T14:49:57","modified_gmt":"2021-08-04T11:49:57","slug":"evolvia-premature","status":"publish","type":"product","link":"https:\/\/montero.com.tr\/en\/urun\/evolvia-premature\/","title":{"rendered":"Evolvia PREMATURE"},"content":{"rendered":"<h1 class=\"product-detail-title\">Evolvia PREMATURE<\/h1>\n<p> It is a food for special medical purposes for premature and low birth-weight babies. <\/p>\n<h5><strong>Ingredients<\/strong><\/h5>\n<p>Maltodekstrin, ya\u011fs\u0131z s\u00fct,\u00a0<strong>s\u00fct ya\u011f\u0131<\/strong>, demineralize whey, whey proteinleri, bitkisel ya\u011flar (ay\u00e7i\u00e7ek ya\u011f\u0131, kanola ya\u011f\u0131), MCT ya\u011f\u0131 (orta zincirli trigliseritler), mineraller (sodyum sitrat, ortofosforik asidin sodyum tuzlar\u0131, ortofosforik asidin kalsiyum tuzlar\u0131, kalsiyum klor\u00fcr, potasyum klor\u00fcr, kalsiyum hidroksit, sitrik asidin kalsiyum tuzlar\u0131, kalsiyum karbonat, demir-II s\u00fclfat, magnezyum s\u00fclfat, \u00e7inko s\u00fclfat, potasyum sitrat, potasyum hidroksit, bak\u0131r s\u00fclfat, mangan s\u00fclfat, potasyum iyod\u00fcr, sodyum selenit, krom (III) klorit ve hekzahidrat, sodyum molibdat),\u00a0<strong>bal\u0131k ya\u011f\u0131<\/strong>, tek h\u00fccre ya\u011f\u0131 (<em>Mortierella alpina<\/em>),\u00a0<strong>vitaminler<\/strong>\u00a0(C vitamini, E vitamini, niasin, pantotenik asit, \u00a0A vitamini, B2 vitamini, B1 vitamini, B6 vitamini, folik asit,\u00a0 K vitamini, D vitamini,\u00a0 biotin), kolin klor\u00fcr, inositol, taurin, em\u00fclgat\u00f6r (soya lesitini), n\u00fckleotidler (sitidin-5\u2019-monofosfat, \u00fcridin-5\u2019-monofosfat\u0131n sodyum tuzu, adenozin-5\u2019-monofosfat, inozin-5\u2019-monofosfat\u0131n sodyum tuzu, guanozin-5\u2019- monofosfat\u0131n sodyum tuzu), L-Karnitin, antioksidanlar (askorbil palmitat, tokoferolce zengin ekstrakt).<\/p>\n<p>Detayl\u0131 bilgi i\u00e7in <a href=\"https:\/\/www.evolvia.com.tr\/urunlerimiz\/uzmanlik-urunlerimiz\/evolvia-premature\/?confirm=true\">t\u0131klay\u0131n\u0131z<\/a>.<\/p>\n","protected":false},"excerpt":{"rendered":"<p>Evolvia PREMATURE It is a food for special medical purposes for premature and low birth-weight babies. Ingredients Maltodekstrin, ya\u011fs\u0131z s\u00fct,\u00a0s\u00fct ya\u011f\u0131, demineralize whey, whey proteinleri, bitkisel ya\u011flar (ay\u00e7i\u00e7ek ya\u011f\u0131, kanola ya\u011f\u0131), MCT ya\u011f\u0131 (orta zincirli trigliseritler), mineraller (sodyum sitrat, ortofosforik asidin sodyum tuzlar\u0131, ortofosforik asidin kalsiyum tuzlar\u0131, kalsiyum klor\u00fcr, potasyum klor\u00fcr, kalsiyum hidroksit, sitrik asidin&#8230;<\/p>\n","protected":false},"featured_media":16127,"template":"","meta":[],"product_cat":[88],"product_tag":[],"_links":{"self":[{"href":"https:\/\/montero.com.tr\/en\/wp-json\/wp\/v2\/product\/16301"}],"collection":[{"href":"https:\/\/montero.com.tr\/en\/wp-json\/wp\/v2\/product"}],"about":[{"href":"https:\/\/montero.com.tr\/en\/wp-json\/wp\/v2\/types\/product"}],"wp:featuredmedia":[{"embeddable":true,"href":"https:\/\/montero.com.tr\/en\/wp-json\/wp\/v2\/media\/16127"}],"wp:attachment":[{"href":"https:\/\/montero.com.tr\/en\/wp-json\/wp\/v2\/media?parent=16301"}],"wp:term":[{"taxonomy":"product_cat","embeddable":true,"href":"https:\/\/montero.com.tr\/en\/wp-json\/wp\/v2\/product_cat?post=16301"},{"taxonomy":"product_tag","embeddable":true,"href":"https:\/\/montero.com.tr\/en\/wp-json\/wp\/v2\/product_tag?post=16301"}],"curies":[{"name":"wp","href":"https:\/\/api.w.org\/{rel}","templated":true}]}}