{"id":16267,"date":"2021-07-27T14:17:58","date_gmt":"2021-07-27T11:17:58","guid":{"rendered":"https:\/\/montero.com.tr\/privacy-policy\/"},"modified":"2022-09-28T00:35:28","modified_gmt":"2022-09-27T21:35:28","slug":"privacy-policy","status":"publish","type":"page","link":"https:\/\/montero.com.tr\/en\/privacy-policy\/","title":{"rendered":"Privacy Policy"},"content":{"rendered":"\t\t<div data-elementor-type=\"wp-page\" data-elementor-id=\"16267\" class=\"elementor elementor-16267 elementor-13762\" data-elementor-settings=\"[]\">\n\t\t\t\t\t\t\t<div class=\"elementor-section-wrap\">\n\t\t\t\t\t\t\t<section class=\"has_eae_slider elementor-section elementor-top-section elementor-element elementor-element-67c89288 elementor-section-full_width elementor-section-content-middle elementor-section-height-default elementor-section-height-default\" data-id=\"67c89288\" data-element_type=\"section\">\n\t\t\t\t\t\t<div class=\"elementor-container elementor-column-gap-wide\">\n\t\t\t\t\t<div class=\"has_eae_slider elementor-column elementor-col-100 elementor-top-column elementor-element elementor-element-489d69b4\" data-id=\"489d69b4\" data-element_type=\"column\">\n\t\t\t<div class=\"elementor-widget-wrap elementor-element-populated\">\n\t\t\t\t\t\t\t\t<div class=\"elementor-element elementor-element-6ba22ed text-block elementor-widget elementor-widget-text-editor\" data-id=\"6ba22ed\" data-element_type=\"widget\" data-widget_type=\"text-editor.default\">\n\t\t\t\t<div class=\"elementor-widget-container\">\n\t\t\t\t\t\t\t<h2>Montero\u2019da Gizlilik<\/h2><p>Ki\u015fisel verilerin sorumlu kullan\u0131m\u0131 Montero i\u00e7in temel bir de\u011ferdir.<\/p><p>Bu \u00e7er\u00e7evede Montero, ba\u015fta 6698 say\u0131l\u0131 Ki\u015fisel Verileri Koruma Kanunu (\u201cKVKK\u201d) olmak \u00fczere ge\u00e7erli olan ilgili t\u00fcm gizlilik yasalar\u0131na eksiksiz bir \u015fekilde uyar.<\/p><h3>Gizlilik Politikas\u0131<\/h3><p>Son G\u00fcncelleme: 01.06.2021<\/p><p>Veri sorumlusu olarak, Montero G\u0131da Sanayi Ticaret Anonim \u015eirketi ki\u015fisel bilgilerinizin bu web sitesinde ve\/veya bu Gizlilik Politikas\u0131nda a\u00e7\u0131klanan ama\u00e7larla i\u015flenmesinden sorumludur. Bu Gizlilik Politikas\u0131nda \u201cMontero\u201d, \u201cbiz\u201d veya \u201cbize\u201d kelimeleri, Montero G\u0131da Sanayi Ticaret Anonim \u015eirketi\u2019ni ifade eder.<\/p><p>Ki\u015filer hakk\u0131ndaki bilgileri (\u201cKi\u015fisel Veriler\u201d) toplama y\u00f6ntemlerimizi, Ki\u015fisel Verileri nas\u0131l saklad\u0131\u011f\u0131m\u0131z\u0131 ve kulland\u0131\u011f\u0131m\u0131z\u0131 ve gizlilik haklar\u0131n\u0131za nas\u0131l uydu\u011fumuzu a\u00e7\u0131klayan bu Gizlilik Politikas\u0131n\u0131 l\u00fctfen dikkatlice okuyunuz. Web sitemizi kulland\u0131\u011f\u0131n\u0131z takdirde bu gizlilik politikas\u0131n\u0131 kabul etmi\u015f say\u0131lacaks\u0131n\u0131z.<\/p><p>Bu Gizlilik Politikas\u0131n\u0131, zaman zaman bu web sitesinde yeni bir gizlilik politikas\u0131 yay\u0131nlamak suretiyle de\u011fi\u015ftirme veya g\u00fcncelleme hakk\u0131m\u0131z sakl\u0131d\u0131r.<\/p><h3>Hangi Ki\u015fisel Verileri hangi ama\u00e7larla i\u015fliyoruz?<\/h3><p>Hizmetlerimizin \u00e7o\u011fu herhangi bir kay\u0131t gerektirmez, bu sayede kim oldu\u011funuzu bize s\u00f6ylemeden sitemizi ziyaret edebilirsiniz. Bununla birlikte, baz\u0131 hizmetler i\u00e7in ve\/veya kullan\u0131c\u0131 profili olu\u015fturman\u0131z i\u00e7in, ad\u0131n\u0131z, do\u011fum tarihiniz, e-posta adresiniz veya telefon numaran\u0131z gibi bilgileri i\u00e7erebilecek Ki\u015fisel Verilerinizi g\u00f6n\u00fcll\u00fc olarak bize vermeniz gerekebilir. Bu Ki\u015fisel Verileri, size \u00fcr\u00fcn, hizmet ve m\u00fc\u015fteri deste\u011fi sa\u011flamak, talep etti\u011finiz \u00fcr\u00fcn ve hizmetler i\u00e7in size fatura kesmek, ilginizi \u00e7ekebilece\u011fini d\u00fc\u015f\u00fcnd\u00fc\u011f\u00fcm\u00fcz \u00fcr\u00fcn ve hizmetleri pazarlamak veya ko\u015fullardan a\u00e7\u0131k\u00e7a belli olan veya Ki\u015fisel Verilerinizi al\u0131rken sizi bilgilendirdi\u011fimiz di\u011fer ama\u00e7lar i\u00e7in sizinle ileti\u015fim kurmak i\u00e7in toplayabilir ve kullanabiliriz.<\/p><p>Kamuya a\u00e7\u0131k sosyal medyadan toplanan Ki\u015fisel Veriler:<\/p><p>Ayr\u0131ca, genel sosyal medya platformlar\u0131nda (bloglar, forumlar vb. dahil) halka a\u00e7\u0131k hale getirdi\u011finiz, Montero, Montero \u00fcr\u00fcnleri ve daha genel tabiriyle mamalar, ila\u00e7lar ve hastal\u0131klarla ilgili ki\u015fisel verileri de toplayabiliriz. \u201cSosyal medya dinleme\u201d ad\u0131 verilen bu i\u015flem, \u00f6rne\u011fin a\u015fa\u011f\u0131dakiler gibi me\u015fru ticari \u00e7\u0131karlar\u0131m\u0131za dayanmaktad\u0131r: (i) Sa\u011fl\u0131k hizmeti \u00e7al\u0131\u015fanlar\u0131 veya hastalar, ebeveynlerin a\u00e7\u0131k izninin olmas\u0131 ko\u015fulu ile bebekler ve \u00e7ocuklar, ebeveynler, bak\u0131m verenler gibi belirli kilit hedef kitlelerin belirli rahats\u0131zl\u0131k ve hastal\u0131klar\u0131 nas\u0131l deneyimledi\u011fini veya Montero \u00fcr\u00fcnlerinin kullan\u0131m\u0131na nas\u0131l tepki verdiklerini daha iyi anlamak, (ii) Montero\u2019nun itibar\u0131n\u0131n yan\u0131 s\u0131ra di\u011fer pazar e\u011filimlerini daha iyi anlamak, (iii) kilit payda\u015flar\u0131, \u00f6zellikle blog yazarlar\u0131n\u0131 ve sosyal medya fenomenlerini belirlemek ve onlarla ileti\u015fim kurmak i\u00e7in. Bu husus, yorumlar, mesajlar, bloglar, foto\u011fraflar ve videolardaki ki\u015fisel bilgilerinizi i\u00e7erebilir, ancak bu ki\u015fisel bilgileri gereken minimum d\u00fczeyde s\u0131n\u0131rlamak ve sadece sosyal medya dinleme etkinli\u011fi i\u00e7in gerekli s\u00fcre boyunca saklamak i\u00e7in gerekli ad\u0131mlar\u0131 ataca\u011f\u0131z.<\/p><p>Montero, ki\u015filerin isimlerini a\u00e7\u0131klamadan, istatistiksel bilgilerini g\u00f6zden ge\u00e7irme s\u00fcrecimizin bir par\u00e7as\u0131 olarak, sitemizi iyile\u015ftirmek; genel olarak \u00fcr\u00fcnlerimizin t\u00fcketicileri hakk\u0131nda daha \u00e7ok \u015fey \u00f6\u011frenmek amac\u0131yla kullan\u0131r<\/p><p>Bilgilerinizi kimlerin g\u00f6rebilece\u011fine ili\u015fkin ilave s\u0131n\u0131rlamalar getirmek istiyorsan\u0131z, bu platformlarda size sunulan gizlilik ayarlar\u0131n\u0131 kullanman\u0131z\u0131 \u00f6neririz.<\/p><p>Ki\u015fisel bilgilerinizi halka a\u00e7\u0131k bir sosyal medya platformunda payla\u015ft\u0131\u011f\u0131n\u0131zda, bu platformlar\u0131n sahibi ve y\u00f6neticisi Montero olmad\u0131\u011f\u0131 i\u00e7in, bu platformlar\u0131n gizlilik politikalar\u0131n\u0131 da okuyup \u00f6\u011frenmenizi \u00f6neririz.<\/p><p>Web sitesi kullan\u0131m analizi i\u00e7in kullan\u0131lan Ki\u015fisel Veriler:<\/p><p>Ayr\u0131ca bu web sitesine yapt\u0131\u011f\u0131n\u0131z ziyaretinizle ilgili, ziyaret etti\u011finiz sayfalar, hangi web sitesinden geldi\u011finiz ve yapt\u0131\u011f\u0131n\u0131z aramalar gibi bilgileri toplayabilir ve i\u015fleyebiliriz. Bu bilgileri, sitenin i\u00e7eri\u011fini iyile\u015ftirmeye yard\u0131mc\u0131 olmak ve dahili kullan\u0131m istatistiklerimiz i\u00e7in ve pazar ara\u015ft\u0131rmas\u0131 ama\u00e7lar\u0131yla sitemizi kullanan ki\u015filer hakk\u0131nda toplu istatistikler derlemek i\u00e7in kullanabiliriz. Bunu yaparken, kullan\u0131c\u0131n\u0131n alan ad\u0131n\u0131, \u0130nternet servis sa\u011flay\u0131c\u0131n\u0131z\u0131, i\u015fletim sisteminizi ve eri\u015fim tarih ve saatinizi toplayan \u201c\u00e7erezler\u201d kurabiliriz. \u201c\u00c7erez\u201d, taray\u0131c\u0131n\u0131za g\u00f6nderilen ve bilgisayar\u0131n\u0131z\u0131n sabit diskinde saklanan k\u00fc\u00e7\u00fck bir bilgi par\u00e7as\u0131d\u0131r. \u00c7erezler bilgisayar\u0131n\u0131za zarar vermez. Taray\u0131c\u0131n\u0131z\u0131, bir \u201c\u00e7erez\u201d ald\u0131\u011f\u0131n\u0131zda sizi uyaracak \u015fekilde ayarlayabilirsiniz, bu sayede bu \u00e7erezi kabul edebilir veya reddedebilirsiniz. Ayr\u0131ca \u00e7erezlerin tamam\u0131n\u0131 reddedebilirsiniz. Ancak, sitemizin \u00e7al\u0131\u015fmas\u0131 i\u00e7in zorunlu \u00e7erezlerimizi kabul etmezseniz, web sitemizin t\u00fcm i\u015flevlerini kullanamayabilirsiniz.<\/p><p>Kimi zaman, biz ve \u00fc\u00e7\u00fcnc\u00fc taraf reklamc\u0131l\u0131k ve hizmet sa\u011flay\u0131c\u0131lar\u0131m\u0131z bu sitede \u0130nternet etiketleri (i\u015flem etiketleri, tek pikselli GIF\u2019ler, a\u00e7\u0131k GIF\u2019ler, g\u00f6r\u00fcnmez GIF\u2019ler ve 1\u2019e 1 GIF\u2019ler olarak da bilinir) ve \u00e7erezler kullanabilir ve bu etiketleri\/ \u00e7erezleri, ilgili bilgileri (IP adresiniz dahil) yabanc\u0131 bir \u00fclkede bulunan ve depolayan bir \u00fc\u00e7\u00fcnc\u00fc taraf reklam orta\u011f\u0131 veya web analitik hizmet orta\u011f\u0131 arac\u0131l\u0131\u011f\u0131yla da\u011f\u0131tabiliriz. Bu etiketler\/\u00e7erezler, hem kullan\u0131c\u0131lar\u0131 bu siteye getiren \u00e7evrim i\u00e7i reklamlara hem de bu sitenin farkl\u0131 sayfalar\u0131na yerle\u015ftirilir. Bu teknolojiyi, ziyaret\u00e7ilerin sitelerimize verdi\u011fi tepkileri ve reklam kampanyalar\u0131m\u0131z\u0131n etkinli\u011fini (bir sayfan\u0131n ka\u00e7 kez a\u00e7\u0131ld\u0131\u011f\u0131 ve hangi bilgilere bak\u0131ld\u0131\u011f\u0131 dahil) \u00f6l\u00e7menin yan\u0131 s\u0131ra bu web sitesini nas\u0131l kulland\u0131\u011f\u0131n\u0131z\u0131 de\u011ferlendirmek i\u00e7in de kullan\u0131yoruz. \u00dc\u00e7\u00fcnc\u00fc taraf ortak veya web analitik hizmet orta\u011f\u0131, bu \u0130nternet etiketleri\/\u00e7erezler sayesinde bizim ve di\u011fer sitelerimizin ziyaret\u00e7ileri hakk\u0131nda veri toplayabilir, bizim i\u00e7in web sitesinin faaliyetleriyle ilgili raporlar olu\u015fturabilir ve web sitesinin ve \u0130nternetin kullan\u0131m\u0131yla ilgili ba\u015fka hizmetler sa\u011flayabilir. Yasal bir zorunluluk varsa veya bilgileri kendi adlar\u0131na i\u015flemek i\u00e7in ba\u015fka taraflar\u0131 i\u015fe al\u0131rlarsa, bu t\u00fcr bilgileri di\u011fer taraflara sa\u011flayabilirler. Web etiketleri ve \u00e7erezler hakk\u0131nda daha fazla bilgi almak istiyorsan\u0131z, Network Advertising Initiative web sitesini ziyaret ediniz: https:\/\/www.networkadvertising.org. !<\/p><p>A\u015fa\u011f\u0131daki sa\u011flay\u0131c\u0131lar taraf\u0131ndan sunulan teknolojiler dahil olmak \u00fczere, web sitesi analizini ve kullan\u0131c\u0131 takibini desteklemek amac\u0131yla farkl\u0131 sa\u011flay\u0131c\u0131lar taraf\u0131ndan sunulan bir dizi teknolojiyi kullanabiliriz. Bu teknolojilerin kullan\u0131m\u0131n\u0131 \u00f6nlemek veya kontrol etmek istiyorsan\u0131z, s\u00f6z konusu \u00fc\u00e7\u00fcnc\u00fc taraf\u0131n a\u015fa\u011f\u0131da belirtilen ba\u011flant\u0131s\u0131n\u0131 t\u0131klay\u0131n\u0131z:<\/p><p>Crazy Egg (Crazy Egg, Inc., 16220 E. Ridgeview Lane, La Mirada, CA, 90638, USA) Gizlilik Politikas\u0131 !, \u00c7\u0131k\u0131\u015f Talebi !<\/p><p>DoubleClick (Google Inc., 1600 Amphitheatre Parkway, Mountain View, CA 94043, USA) Gizlilik Politikas\u0131 !, \u00c7\u0131k\u0131\u015f Talebi !<\/p><p>Facebook (Facebook, Inc., 1601 S. California Avenue, Palo Alto, CA, 94304, USA) Gizlilik Politikas\u0131 !, Eklenti !, \u00c7\u0131k\u0131\u015f Talebi !<\/p><p>Google Analytics (Google Inc., 1600 Amphitheatre Parkway, Mountain View, CA 94043, USA) Gizlilik Politikas\u0131 !, \u00c7\u0131k\u0131\u015f Talebi !<\/p><p>LinkedIn (LinkedIn Ireland Unlimited Company, Wilton Place, Dublin 2, Irland) Gizlilik Politikas\u0131 !, \u00c7\u0131k\u0131\u015f Talebi !<\/p><p>Twitter (Twitter Inc., 1355 Market Street, Suite 900, San Francisco, CA, 94103, USA) Gizlilik Politikas\u0131 !, Eklenti !, \u00c7\u0131k\u0131\u015f Talebi !<\/p><p>Glassdoor (Glassdoor Inc., 100 Shoreline Highway, Mill Valley, CA 94941, USA) Gizlilik Politikas\u0131 !, \u00c7\u0131k\u0131\u015f Talebi !<\/p><p>Ki\u015fisel Verileri, sizden toplad\u0131\u011f\u0131m\u0131z veya sizinle ilgili olarak kamuya a\u00e7\u0131k veritabanlar\u0131, demografik bilgi sa\u011flay\u0131c\u0131lar\u0131, ortak pazarlama ortaklar\u0131, sosyal medya platformlar\u0131 ve di\u011fer \u00fc\u00e7\u00fcnc\u00fc taraflar gibi di\u011fer kaynaklardan toplayabilece\u011fimiz verilerle birle\u015ftirebilir, bir araya getirebilir veya anonimle\u015ftirebiliriz.<\/p><p>Verilerinizi, denetimler, doland\u0131r\u0131c\u0131l\u0131\u011f\u0131n takibi ve \u00f6nlenmesi, ihlaller ve \u00fcr\u00fcn ve hizmetlerimizin di\u011fer olas\u0131 istismar\u0131 dahil olmak \u00fczere i\u015f ama\u00e7lar\u0131m\u0131z i\u00e7in ve hizmetlerimizi de\u011fi\u015ftirmek i\u00e7in kullanabiliriz.<\/p><p>Ayr\u0131ca Ki\u015fisel Verilerinizi \u015fu durumlarda kullanabiliriz:<\/p><p>\u0130kamet etti\u011finiz \u00fclkenin d\u0131\u015f\u0131ndakiler bile olsa, y\u00fcr\u00fcrl\u00fckteki bir yasa, kamu ve h\u00fck\u00fcmet yetkililerinden gelen talepler (mahkeme emri, mahkeme celbi veya h\u00fck\u00fcmet d\u00fczenlemeleri dahil) nedeniyle bunu yapmam\u0131z gerekirse;<\/p><p>Ko\u015ful ve \u015fartlar\u0131m\u0131z\u0131 uygulamam\u0131z gerekirse;<\/p><p>Ki\u015fisel Verilerin kullan\u0131m\u0131n\u0131n yasal haklar\u0131, bu web sitesinin g\u00fcvenli\u011fini veya b\u00fct\u00fcnl\u00fc\u011f\u00fcn\u00fc korumak i\u00e7in gerekli oldu\u011funa iyi niyetle inand\u0131\u011f\u0131m\u0131zda;<\/p><p>Sizin g\u00fcvenli\u011finizi veya ba\u015fkalar\u0131n\u0131n g\u00fcvenli\u011fini korumak i\u00e7in;<\/p><p>\u00dclkenizdeki veya di\u011fer \u00fclkelerdeki herhangi bir cezai veya ba\u015fka t\u00fcrl\u00fc bir yasal soru\u015fturman\u0131n veya yarg\u0131laman\u0131n bir par\u00e7as\u0131 olarak veya<\/p><p>Kurumsal veya ticari bir i\u015flemin geli\u015ftirilmesi veya bu hususlarda m\u00fczakereye devam edilmesi veya bu i\u015flemlerin tamamlanmas\u0131 i\u00e7in makul \u00f6l\u00e7\u00fcde gerekli oldu\u011fu derecede.<\/p><h3>Bilgilerinizi ne zaman ve kime a\u00e7\u0131kl\u0131yoruz?<\/h3><p>Bu Gizlilik Politikas\u0131nda, Ki\u015fisel Verilerinizi payla\u015fabilece\u011fimiz durumlar a\u00e7\u0131klanmaktad\u0131r. Ki\u015fisel Verilerinizi, d\u00fcnya \u00e7ap\u0131ndaki di\u011fer Montero ba\u011fl\u0131 kurulu\u015flar\u0131 ve i\u015ftirakleri ile payla\u015fabiliriz. Ki\u015fisel Verileri ayr\u0131ca, verilerin ba\u015flang\u0131\u00e7ta topland\u0131\u011f\u0131 veya ba\u015fka \u015fekilde yasal olarak i\u015flenebilece\u011fi amaca\/ama\u00e7lara (hizmet sunumu, bu web sitesinin yararl\u0131l\u0131\u011f\u0131n\u0131n de\u011ferlendirilmesi, pazarlama, reklam, veri y\u00f6netimi veya teknik destek gibi) uygun olarak daha fazla i\u015flenmeleri i\u00e7in ad\u0131m\u0131za hareket eden \u00fc\u00e7\u00fcnc\u00fc taraflara aktarabiliriz.<\/p><p>Bu \u00fc\u00e7\u00fcnc\u00fc taraflar, Ki\u015fisel Verileri yaln\u0131zca kararla\u015ft\u0131r\u0131lan ama\u00e7 i\u00e7in kullanmak, Ki\u015fisel Verileri \u00fc\u00e7\u00fcnc\u00fc \u015fah\u0131slara satmamak ve taraf\u0131m\u0131zca izin verilen durumlar, yasalar\u0131n gerektirdi\u011fi durumlar veya bu Gizlilik Politikas\u0131nda belirtilen durumlar haricinde \u00fc\u00e7\u00fcnc\u00fc \u015fah\u0131slara a\u00e7\u0131klamamak \u00fczere bizimle s\u00f6zle\u015fme yapm\u0131\u015flard\u0131r.<\/p><p>Ki\u015fisel Verilerinizi, i\u015fletmenin veya bir k\u0131sm\u0131n\u0131n ve bunlarla ba\u011flant\u0131l\u0131 m\u00fc\u015fteri verilerinin sat\u0131lmas\u0131, devredilmesi veya temlik edilmesi durumunda \u00fc\u00e7\u00fcnc\u00fc bir tarafa a\u00e7\u0131klayabiliriz; b\u00f6yle bir durumda, al\u0131c\u0131dan veya devralan \u015fah\u0131stan, Ki\u015fisel Verileri bu Gizlilik Politikas\u0131na uygun olarak kullanmas\u0131n\u0131 talep ederiz.<\/p><p>Ayr\u0131ca, ikamet etti\u011finiz \u00fclkenin d\u0131\u015f\u0131ndakiler bile olsa, y\u00fcr\u00fcrl\u00fckteki bir yasa, kamu ve h\u00fck\u00fcmet yetkililerinden gelen talepler (mahkeme emri, mahkeme celbi veya h\u00fck\u00fcmet d\u00fczenlemeleri dahil) nedeniyle bunu yapmam\u0131z gerekirse, ko\u015ful ve \u015fartlar\u0131m\u0131z\u0131 uygulamam\u0131z gerekirse, a\u00e7\u0131klaman\u0131n, yasal haklar\u0131, bu web sitesinin g\u00fcvenli\u011fini veya b\u00fct\u00fcnl\u00fc\u011f\u00fcn\u00fc korumak i\u00e7in gerekli oldu\u011funa iyi niyetle inand\u0131\u011f\u0131m\u0131zda, sizin g\u00fcvenli\u011finizi veya ba\u015fkalar\u0131n\u0131n g\u00fcvenli\u011fini korumak i\u00e7in, \u00fclkenizdeki veya di\u011fer \u00fclkelerdeki herhangi bir cezai veya ba\u015fka t\u00fcrl\u00fc bir yasal soru\u015fturman\u0131n veya yarg\u0131laman\u0131n bir par\u00e7as\u0131 olarak veya Kurumsal veya ticari bir i\u015flemin geli\u015ftirilmesi veya bu hususlarda m\u00fczakereye devam edilmesi veya bu i\u015flemlerin tamamlanmas\u0131 i\u00e7in makul \u00f6l\u00e7\u00fcde gerekli oldu\u011fu derecede \u00fc\u00e7\u00fcnc\u00fc taraflara, dan\u0131\u015fmanlara ve di\u011fer te\u015fekk\u00fcllere Ki\u015fisel Verilerinizi a\u00e7\u0131klayabiliriz.<\/p><p>Ki\u015fisel Verileriniz ayr\u0131ca T\u00fcrkiye d\u0131\u015f\u0131ndaki \u00fclkelerde de i\u015flenebilir, saklanabilir veya bunlara eri\u015filebilir. Bu \u00fclkeler, ki\u015fisel veriler i\u00e7in farkl\u0131 bir koruma d\u00fczeyi sunabilir. Ki\u015fisel Verilerinizi ba\u015fka yarg\u0131 alanlar\u0131ndaki harici \u015firketlere aktar\u0131rsak, y\u00fcr\u00fcrl\u00fckteki veri gizlili\u011fi yasalar\u0131n\u0131n gerektirdi\u011fi koruma d\u00fczeyini uygulamak suretiyle Ki\u015fisel Verilerinizin korunmas\u0131n\u0131 sa\u011flayaca\u011f\u0131z.<\/p><h3>Ki\u015fisel Verilerinizi nas\u0131l koruyoruz?<\/h3><p>Bu web sitesi arac\u0131l\u0131\u011f\u0131yla toplanan bilgileri korumak i\u00e7in uygun teknik, idari ve fiziki koruma \u00f6nlemlerini kullanmaktay\u0131z. Ne yaz\u0131k ki hi\u00e7bir kurulu\u015f, \u00f6zellikle \u0130nternet \u00fczerinden aktar\u0131lan bilgilerin mutlak g\u00fcvenli\u011fini garanti edemez.<\/p><h3>18 ya\u015f\u0131n alt\u0131ndaki bireylerden gelen bilgilerle ne yap\u0131yoruz?<\/h3><p>Web sitemiz \u00e7ocuklara y\u00f6nelik de\u011fildir. 18 ya\u015f\u0131n alt\u0131ndaki \u00e7ocuklar\u0131n Ki\u015fisel Verilerini toplam\u0131yoruz.<\/p><h3><strong>Ki\u015fisel Verileri ne kadar s\u00fcreyle sakl\u0131yoruz?<\/strong><\/h3><p>Ki\u015fisel Verilerinizi, yaln\u0131zca toplanma amac\u0131n\u0131 yerine getirmek veya yasal veya d\u00fczenleyici gerekliliklere uymak i\u00e7in gerekli oldu\u011fu s\u00fcrece saklayaca\u011f\u0131z.<\/p><h3><strong>Haklar\u0131n\u0131z nelerdir ve bunlar\u0131 nas\u0131l kullanabilirsiniz?<\/strong><\/h3><p>Ki\u015fisel Verileri i\u015flerken, Ki\u015fisel Verilerinizin toplanma ama\u00e7lar\u0131 do\u011frultusunda do\u011fru ve g\u00fcncel tutulmas\u0131 i\u00e7in makul ad\u0131mlar atmaktay\u0131z. Ki\u015fisel Verilerin Korunmas\u0131 Kanunu\u2019nun ilgili ki\u015finin haklar\u0131n\u0131 d\u00fczenleyen 11. maddesi kapsam\u0131ndaki taleplerinizi, \u201cVeri Sorumlusuna Ba\u015fvuru Usul ve Esaslar\u0131 Hakk\u0131nda Tebli\u011f\u2019e (\u201cTebli\u011f\u201d) g\u00f6re kullanma hakk\u0131na sahipsiniz. E\u011fer bir sorunuz varsa veya KVKK md. 11\u2019de belirtilen haklar\u0131n\u0131z\u0131 kullanmay\u0131 istiyorsan\u0131z:<\/p><p><a href=\"mailto:info@montero.com.tr\">info@montero.com.tr<\/a> adresine bir e-posta g\u00f6nderebilirsiniz; veya<\/p><p>Montero\u2019nun \u201c\u0130stinye, \u0130la\u00e7 Sanayi Yolu, Balabandere Cad, \u0130stinye Cd. No: 14, 34460 Sar\u0131yer\/\u0130stanbul\u201d adresine ba\u015fvuru yapabilirsiniz; veya<\/p><p>Tebli\u011f\u2019de belirtilen di\u011fer y\u00f6ntemleri kullanabilirsiniz.<\/p><p>Ki\u015fisel veri sahipleri ad\u0131na \u00fc\u00e7\u00fcnc\u00fc ki\u015filerin ba\u015fvuru talebinde bulunabilmesi i\u00e7in veri sahibi taraf\u0131ndan ba\u015fvuruda bulunacak ki\u015fi ad\u0131na noter kanal\u0131yla d\u00fczenlenmi\u015f \u00f6zel vek\u00e2letname bulunmal\u0131d\u0131r.<\/p>\t\t\t\t\t\t<\/div>\n\t\t\t\t<\/div>\n\t\t\t\t\t<\/div>\n\t\t<\/div>\n\t\t\t\t\t\t\t<\/div>\n\t\t<\/section>\n\t\t\t\t\t\t<\/div>\n\t\t\t\t\t<\/div>\n\t\t","protected":false},"excerpt":{"rendered":"<p>Montero\u2019da Gizlilik Ki\u015fisel verilerin sorumlu kullan\u0131m\u0131 Montero i\u00e7in temel bir de\u011ferdir. Bu \u00e7er\u00e7evede Montero, ba\u015fta 6698 say\u0131l\u0131 Ki\u015fisel Verileri Koruma Kanunu (\u201cKVKK\u201d) olmak \u00fczere ge\u00e7erli olan ilgili t\u00fcm gizlilik yasalar\u0131na eksiksiz bir \u015fekilde uyar. Gizlilik Politikas\u0131 Son G\u00fcncelleme: 01.06.2021 Veri sorumlusu olarak, Montero G\u0131da Sanayi Ticaret Anonim \u015eirketi ki\u015fisel bilgilerinizin bu web sitesinde ve\/veya bu&#8230;<\/p>\n","protected":false},"author":6,"featured_media":0,"parent":0,"menu_order":0,"comment_status":"closed","ping_status":"closed","template":"","meta":[],"_links":{"self":[{"href":"https:\/\/montero.com.tr\/en\/wp-json\/wp\/v2\/pages\/16267"}],"collection":[{"href":"https:\/\/montero.com.tr\/en\/wp-json\/wp\/v2\/pages"}],"about":[{"href":"https:\/\/montero.com.tr\/en\/wp-json\/wp\/v2\/types\/page"}],"author":[{"embeddable":true,"href":"https:\/\/montero.com.tr\/en\/wp-json\/wp\/v2\/users\/6"}],"replies":[{"embeddable":true,"href":"https:\/\/montero.com.tr\/en\/wp-json\/wp\/v2\/comments?post=16267"}],"version-history":[{"count":1,"href":"https:\/\/montero.com.tr\/en\/wp-json\/wp\/v2\/pages\/16267\/revisions"}],"predecessor-version":[{"id":16268,"href":"https:\/\/montero.com.tr\/en\/wp-json\/wp\/v2\/pages\/16267\/revisions\/16268"}],"wp:attachment":[{"href":"https:\/\/montero.com.tr\/en\/wp-json\/wp\/v2\/media?parent=16267"}],"curies":[{"name":"wp","href":"https:\/\/api.w.org\/{rel}","templated":true}]}}