{"id":16253,"date":"2021-07-29T11:19:29","date_gmt":"2021-07-29T08:19:29","guid":{"rendered":"https:\/\/montero.com.tr\/press\/"},"modified":"2022-09-28T00:17:28","modified_gmt":"2022-09-27T21:17:28","slug":"press","status":"publish","type":"page","link":"https:\/\/montero.com.tr\/en\/press\/","title":{"rendered":"Press"},"content":{"rendered":"\t\t<div data-elementor-type=\"wp-page\" data-elementor-id=\"16253\" class=\"elementor elementor-16253 elementor-13909\" data-elementor-settings=\"[]\">\n\t\t\t\t\t\t\t<div class=\"elementor-section-wrap\">\n\t\t\t\t\t\t\t<section class=\"has_eae_slider elementor-section elementor-top-section elementor-element elementor-element-67c89288 elementor-section-full_width elementor-section-height-default elementor-section-height-default\" data-id=\"67c89288\" data-element_type=\"section\">\n\t\t\t\t\t\t<div class=\"elementor-container elementor-column-gap-default\">\n\t\t\t\t\t<div class=\"has_eae_slider elementor-column elementor-col-100 elementor-top-column elementor-element elementor-element-489d69b4\" data-id=\"489d69b4\" data-element_type=\"column\">\n\t\t\t<div class=\"elementor-widget-wrap elementor-element-populated\">\n\t\t\t\t\t\t\t\t<div class=\"elementor-element elementor-element-aa39d20 blog-box press-box elementor-widget elementor-widget-rsblog\" data-id=\"aa39d20\" data-element_type=\"widget\" data-widget_type=\"rsblog.default\">\n\t\t\t\t<div class=\"elementor-widget-container\">\n\t\t\t\t\t\t<div class=\"rs-blog-grid blog-grid\">\n\t\t\t\t<div class=\"row\">\n\t\t\t\t \t\t\t\t\t\t\t\n\t\t\t\t\t\t<div class=\"col-lg-4 col-md-6 col-xs-1\">\n\t\t\t\t\t\t\t<div class=\"blog-item default blog_meta_style2\">\n\t\t\t\t\t\t\t\t<div class=\"blog-inner-wrap \">\n\t\t\t\t\t\t\t\t\t<div class=\"image-wrap\">\n\t\t\t\t\t\t\t\t\t\t<a class=\"pointer-events\" href=\"javascript:;\" data-src=\"https:\/\/montero.com.tr\/wp-content\/uploads\/2021\/08\/Ekran-Resmi-2021-08-02-15.35.29.png\" data-fancybox>\n\t\t\t\t\t\t\t\t\t\t\t<img width=\"401\" height=\"327\" src=\"https:\/\/montero.com.tr\/wp-content\/uploads\/2021\/08\/Ekran-Resmi-2021-08-02-15.35.29.png\" class=\"attachment-post-thumbnail size-post-thumbnail wp-post-image\" alt=\"\" loading=\"lazy\" srcset=\"https:\/\/montero.com.tr\/wp-content\/uploads\/2021\/08\/Ekran-Resmi-2021-08-02-15.35.29.png 401w, https:\/\/montero.com.tr\/wp-content\/uploads\/2021\/08\/Ekran-Resmi-2021-08-02-15.35.29-300x245.png 300w\" sizes=\"(max-width: 401px) 100vw, 401px\" \/>\t\t\t\t\t\t\t\t\t\t<\/a> \n\t\t\t\t\t\t\t\t\t\t \n\n\t\t\t\t\t\t\t\t\t\t\n\t\t\t\t\t\t\t\t\t\t\t\t\t\t\t\t\t\t\t\t\t\t\t<div class=\"blog-meta\">\n\t\t\t\t\t\t\t\t\t\t\t\t\t\t\t\t\t\t\t\t\t\t\t\t\t\t\t<span class=\"date\">2021<\/span>\n\t\t\t\t\t\t\t\t\t\t\t\t\t\t\t\t\t\t\t\t\t\t\t\t\t<\/div>\n\t\t\t\t\t\t\t\t\t\t\t\t\t\t\t\t\t\t\t\t\t\t\n\t\t\t\t\t\t\t\t\t\t\t\n\t\t\t\t\t\t\t\t\t<\/div>\t\n\t\t\t\t\t\t\t\t\t<div class=\"blog-content\">\n\n\t\t\t\t\t\t\t\t\t\t\t\t\t\t\t\t\t\t\t\t\t\n\t\t\t\t\t\t\t\t\t  \t<h3 class=\"blog-name\"><a class=\"pointer-events\" href=\"javascript:;\" data-fancybox data-src=\"https:\/\/montero.com.tr\/wp-content\/uploads\/2021\/08\/Ekran-Resmi-2021-08-02-15.35.29.png\">Toks\u00f6z Group is in the baby nutrition sector &#8211; Parents<\/a><\/h3>\n\n\t\t\t\t\t\t\t\t\t  \t\t\t\t\t\t\t\t\t\t  \t\t<p><\/p>\n\t\t\t\t\t\t\t\t\t\t\n\t\t\t\t\t\t\t\t\t\t\n\n\t\t\t\t\t\t\t\t\t<\/div>\n\t\t\t\t\t\t  \t\t<\/div>\n\t\t\t\t\t  \t\t<\/div>\n\t\t\t\t\t\t<\/div>\n\t\t\t\t\t\t\t\t\t\t\t\t\n\t\t\t\t\t\t<div class=\"col-lg-4 col-md-6 col-xs-1\">\n\t\t\t\t\t\t\t<div class=\"blog-item default blog_meta_style2\">\n\t\t\t\t\t\t\t\t<div class=\"blog-inner-wrap \">\n\t\t\t\t\t\t\t\t\t<div class=\"image-wrap\">\n\t\t\t\t\t\t\t\t\t\t<a class=\"pointer-events\" href=\"javascript:;\" data-src=\"https:\/\/montero.com.tr\/wp-content\/uploads\/2021\/08\/Ekran-Resmi-2021-08-02-15.32.25.png\" data-fancybox>\n\t\t\t\t\t\t\t\t\t\t\t<img width=\"371\" height=\"470\" src=\"https:\/\/montero.com.tr\/wp-content\/uploads\/2021\/08\/Ekran-Resmi-2021-08-02-15.32.25.png\" class=\"attachment-post-thumbnail size-post-thumbnail wp-post-image\" alt=\"\" loading=\"lazy\" srcset=\"https:\/\/montero.com.tr\/wp-content\/uploads\/2021\/08\/Ekran-Resmi-2021-08-02-15.32.25.png 371w, https:\/\/montero.com.tr\/wp-content\/uploads\/2021\/08\/Ekran-Resmi-2021-08-02-15.32.25-237x300.png 237w\" sizes=\"(max-width: 371px) 100vw, 371px\" \/>\t\t\t\t\t\t\t\t\t\t<\/a> \n\t\t\t\t\t\t\t\t\t\t \n\n\t\t\t\t\t\t\t\t\t\t\n\t\t\t\t\t\t\t\t\t\t\t\t\t\t\t\t\t\t\t\t\t\t\t<div class=\"blog-meta\">\n\t\t\t\t\t\t\t\t\t\t\t\t\t\t\t\t\t\t\t\t\t\t\t\t\t\t\t<span class=\"date\">2021<\/span>\n\t\t\t\t\t\t\t\t\t\t\t\t\t\t\t\t\t\t\t\t\t\t\t\t\t<\/div>\n\t\t\t\t\t\t\t\t\t\t\t\t\t\t\t\t\t\t\t\t\t\t\n\t\t\t\t\t\t\t\t\t\t\t\n\t\t\t\t\t\t\t\t\t<\/div>\t\n\t\t\t\t\t\t\t\t\t<div class=\"blog-content\">\n\n\t\t\t\t\t\t\t\t\t\t\t\t\t\t\t\t\t\t\t\t\t\n\t\t\t\t\t\t\t\t\t  \t<h3 class=\"blog-name\"><a class=\"pointer-events\" href=\"javascript:;\" data-fancybox data-src=\"https:\/\/montero.com.tr\/wp-content\/uploads\/2021\/08\/Ekran-Resmi-2021-08-02-15.32.25.png\">Evolvia, produced with the reference of breast milk, is next to mothers \u2013 E-Bebek<\/a><\/h3>\n\n\t\t\t\t\t\t\t\t\t  \t\t\t\t\t\t\t\t\t\t  \t\t<p><\/p>\n\t\t\t\t\t\t\t\t\t\t\n\t\t\t\t\t\t\t\t\t\t\n\n\t\t\t\t\t\t\t\t\t<\/div>\n\t\t\t\t\t\t  \t\t<\/div>\n\t\t\t\t\t  \t\t<\/div>\n\t\t\t\t\t\t<\/div>\n\t\t\t\t\t\t\t\t\t\t\t\t\n\t\t\t\t\t\t<div class=\"col-lg-4 col-md-6 col-xs-1\">\n\t\t\t\t\t\t\t<div class=\"blog-item default blog_meta_style2\">\n\t\t\t\t\t\t\t\t<div class=\"blog-inner-wrap \">\n\t\t\t\t\t\t\t\t\t<div class=\"image-wrap\">\n\t\t\t\t\t\t\t\t\t\t<a class=\"pointer-events\" href=\"javascript:;\" data-src=\"https:\/\/montero.com.tr\/wp-content\/uploads\/2022\/09\/sosyalsorumluluking.jpg\" data-fancybox>\n\t\t\t\t\t\t\t\t\t\t\t<img width=\"1200\" height=\"1200\" src=\"https:\/\/montero.com.tr\/wp-content\/uploads\/2022\/09\/sosyalsorumluluking.jpg\" class=\"attachment-post-thumbnail size-post-thumbnail wp-post-image\" alt=\"\" loading=\"lazy\" srcset=\"https:\/\/montero.com.tr\/wp-content\/uploads\/2022\/09\/sosyalsorumluluking.jpg 1200w, https:\/\/montero.com.tr\/wp-content\/uploads\/2022\/09\/sosyalsorumluluking-300x300.jpg 300w, https:\/\/montero.com.tr\/wp-content\/uploads\/2022\/09\/sosyalsorumluluking-1024x1024.jpg 1024w, https:\/\/montero.com.tr\/wp-content\/uploads\/2022\/09\/sosyalsorumluluking-150x150.jpg 150w, https:\/\/montero.com.tr\/wp-content\/uploads\/2022\/09\/sosyalsorumluluking-768x768.jpg 768w, https:\/\/montero.com.tr\/wp-content\/uploads\/2022\/09\/sosyalsorumluluking-500x500.jpg 500w, https:\/\/montero.com.tr\/wp-content\/uploads\/2022\/09\/sosyalsorumluluking-600x600.jpg 600w, https:\/\/montero.com.tr\/wp-content\/uploads\/2022\/09\/sosyalsorumluluking-100x100.jpg 100w\" sizes=\"(max-width: 1200px) 100vw, 1200px\" \/>\t\t\t\t\t\t\t\t\t\t<\/a> \n\t\t\t\t\t\t\t\t\t\t \n\n\t\t\t\t\t\t\t\t\t\t\n\t\t\t\t\t\t\t\t\t\t\t\t\t\t\t\t\t\t\t\t\t\t\t<div class=\"blog-meta\">\n\t\t\t\t\t\t\t\t\t\t\t\t\t\t\t\t\t\t\t\t\t\t\t\t\t\t\t<span class=\"date\">2021<\/span>\n\t\t\t\t\t\t\t\t\t\t\t\t\t\t\t\t\t\t\t\t\t\t\t\t\t<\/div>\n\t\t\t\t\t\t\t\t\t\t\t\t\t\t\t\t\t\t\t\t\t\t\n\t\t\t\t\t\t\t\t\t\t\t\n\t\t\t\t\t\t\t\t\t<\/div>\t\n\t\t\t\t\t\t\t\t\t<div class=\"blog-content\">\n\n\t\t\t\t\t\t\t\t\t\t\t\t\t\t\t\t\t\t\t\t\t\n\t\t\t\t\t\t\t\t\t  \t<h3 class=\"blog-name\"><a class=\"pointer-events\" href=\"javascript:;\" data-fancybox data-src=\"https:\/\/montero.com.tr\/wp-content\/uploads\/2022\/09\/sosyalsorumluluking.jpg\">Let a Girl Receive Education Project<\/a><\/h3>\n\n\t\t\t\t\t\t\t\t\t  \t\t\t\t\t\t\t\t\t\t  \t\t<p>Montero aims to support the education of girls with its social responsibility...<\/p>\n\t\t\t\t\t\t\t\t\t\t\n\t\t\t\t\t\t\t\t\t\t\n\n\t\t\t\t\t\t\t\t\t<\/div>\n\t\t\t\t\t\t  \t\t<\/div>\n\t\t\t\t\t  \t\t<\/div>\n\t\t\t\t\t\t<\/div>\n\t\t\t\t\t\t\t\t\t\t<\/div>\n\n\t\t\t\t\n\t\t\t<\/div>\n\t\t\t\t<\/div>\n\t\t\t\t<\/div>\n\t\t\t\t\t<\/div>\n\t\t<\/div>\n\t\t\t\t\t\t\t<\/div>\n\t\t<\/section>\n\t\t\t\t\t\t<\/div>\n\t\t\t\t\t<\/div>\n\t\t","protected":false},"excerpt":{"rendered":"<p>2021 Etiam commodo est in lectus iaculis lacinia Lorem ipsum dolor sit amet, consectetur adipiscing elit. Sed malesuada turpis mattis,&#8230; 2021 EVOLV\u0130A Bebek Devam S\u00fct\u00fc Tan\u0131t\u0131ld\u0131 &#8211; \u015eamdan &#8211; 03.06.2015 2021 EVOLV\u0130A Vazge\u00e7ilmeziniz Olacak &#8211; S\u00d6ZC\u00dc Pazar &#8211; 22.03.2015 2021 TOKS\u00d6Z Bebekleri Besleyecek &#8211; SABAH &#8211; 21.03.2015 2021 Toks\u00f6z Grup Bebek Beslenmesi Sekt\u00f6r\u00fcnde &#8211; Parents&#8230;<\/p>\n","protected":false},"author":6,"featured_media":0,"parent":0,"menu_order":0,"comment_status":"closed","ping_status":"closed","template":"","meta":[],"_links":{"self":[{"href":"https:\/\/montero.com.tr\/en\/wp-json\/wp\/v2\/pages\/16253"}],"collection":[{"href":"https:\/\/montero.com.tr\/en\/wp-json\/wp\/v2\/pages"}],"about":[{"href":"https:\/\/montero.com.tr\/en\/wp-json\/wp\/v2\/types\/page"}],"author":[{"embeddable":true,"href":"https:\/\/montero.com.tr\/en\/wp-json\/wp\/v2\/users\/6"}],"replies":[{"embeddable":true,"href":"https:\/\/montero.com.tr\/en\/wp-json\/wp\/v2\/comments?post=16253"}],"version-history":[{"count":1,"href":"https:\/\/montero.com.tr\/en\/wp-json\/wp\/v2\/pages\/16253\/revisions"}],"predecessor-version":[{"id":16254,"href":"https:\/\/montero.com.tr\/en\/wp-json\/wp\/v2\/pages\/16253\/revisions\/16254"}],"wp:attachment":[{"href":"https:\/\/montero.com.tr\/en\/wp-json\/wp\/v2\/media?parent=16253"}],"curies":[{"name":"wp","href":"https:\/\/api.w.org\/{rel}","templated":true}]}}